{"id":3346,"date":"2024-09-26T23:27:16","date_gmt":"2024-09-26T20:27:16","guid":{"rendered":"https:\/\/stardustsquad.org\/?page_id=3346"},"modified":"2025-03-20T00:26:18","modified_gmt":"2025-03-19T21:26:18","slug":"gonullu-ol","status":"publish","type":"page","link":"https:\/\/stardustsquad.org\/index.php\/gonullu-ol\/","title":{"rendered":"G\u00f6n\u00fcll\u00fc Ol"},"content":{"rendered":"<div class=\"wpb-content-wrapper\"><p>[vc_section css=&#8221;.vc_custom_1527694031773{background-color: #fafafa !important;}&#8221;][vc_row][vc_column]<div class=\"wpb_content_element \"><style type=\"text\/css\">#ut_header_69f40cac64000 h2.section-title { font-size:100px !important;line-height:100px !important;letter-spacing:-0.04em; }@media (min-width: 1025px) and (max-width: 1679px) {#ut_header_69f40cac64000 h2.section-title { letter-spacing:-0.04em; }}@media (min-width: 768px) and (max-width: 1024px) {#ut_header_69f40cac64000 h2.section-title { letter-spacing:-0.04em; }}@media (max-width: 767px) {#ut_header_69f40cac64000 h2.section-title { letter-spacing:-0.04em; }}#ut_header_69f40cac64000 .lead ins { color:#333333; }<\/style><header id=\"ut_header_69f40cac64000\" class=\"section-header  ut-no-title-linebreak-mobile ut-no-lead-linebreak-mobile pt-style-2 header-center header-tablet-center header-mobile-center\"><h2 data-title=\"STARDUST'a Kat\u0131l\"  data-responsive-font=\"section_title\" data-responsive-font-settings=\"{&quot;base-font-size&quot;:&quot;100&quot;,&quot;font-size-unit&quot;:&quot;px&quot;,&quot;font-size&quot;:{&quot;desktop_large&quot;:&quot;100&quot;},&quot;base-line-height&quot;:&quot;100&quot;,&quot;line-height-unit&quot;:&quot;px&quot;,&quot;line-height&quot;:{&quot;desktop_large&quot;:&quot;100&quot;},&quot;base-letter-spacing&quot;:&quot;-0.04&quot;,&quot;letter-spacing&quot;:{&quot;desktop_large&quot;:&quot;-0.04&quot;}}\" class=\"section-title  \"><span>STARDUST'a Kat\u0131l<\/span><\/h2><div data-delay=\"0\" class=\"lead \"><p>Menti, g\u00f6n\u00fcll\u00fc ya da ment\u00f6r olarak Stardust&#8217;a ba\u015fvur, faydalan ve fayda sa\u011fla.<\/p>\n<\/div><\/header><\/div>[\/vc_column][\/vc_row][\/vc_section][vc_section][vc_row equal_height=&#8221;yes&#8221; content_placement=&#8221;middle&#8221;][vc_column width=&#8221;1\/2&#8243;]<div class=\"wpb_content_element \"><style type=\"text\/css\">#ut_header_69f40cac6d742 h5.section-title { font-size:30px !important;letter-spacing:-0.03em; }<\/style><header id=\"ut_header_69f40cac6d742\" class=\"section-header  ut-no-title-linebreak-mobile ut-no-lead-linebreak-mobile pt-style-2 header-center header-tablet-center header-mobile-center\"><h5 data-title=\"G\u00f6n\u00fcll\u00fc Ol Formu\"  data-responsive-font=\"section_title\" data-responsive-font-settings=\"{&quot;base-font-size&quot;:&quot;30&quot;,&quot;font-size-unit&quot;:&quot;px&quot;,&quot;font-size&quot;:{&quot;desktop_large&quot;:&quot;30&quot;},&quot;base-line-height&quot;:&quot;global&quot;,&quot;base-letter-spacing&quot;:&quot;global&quot;,&quot;letter-spacing&quot;:{&quot;desktop_large&quot;:&quot;-0.03&quot;}}\" class=\"section-title  \"><span>G\u00f6n\u00fcll\u00fc Ol Formu<\/span><\/h5><div data-delay=\"0\" class=\"lead \"><p>Formu doldur ve G\u00f6n\u00fcll\u00fc olarak Stardust&#8217;a kat\u0131lman\u0131n ilk ad\u0131m\u0131n\u0131 tamamla!<\/p>\n<\/div><\/header><\/div><div id=\"ut_cf7_colors_69f40cac6dd2f\" class=\"wpb_content_element  \">\n<div class=\"wpcf7 no-js\" id=\"wpcf7-f3754-o1\" lang=\"tr-TR\" dir=\"ltr\" data-wpcf7-id=\"3754\">\n<div class=\"screen-reader-response\"><p role=\"status\" aria-live=\"polite\" aria-atomic=\"true\"><\/p> <ul><\/ul><\/div>\n<form action=\"\/index.php\/wp-json\/wp\/v2\/pages\/3346#wpcf7-f3754-o1\" method=\"post\" class=\"wpcf7-form init\" aria-label=\"\u0130leti\u015fim Formu\" novalidate=\"novalidate\" data-status=\"init\">\n<fieldset class=\"hidden-fields-container\"><input type=\"hidden\" name=\"_wpcf7\" value=\"3754\" \/><input type=\"hidden\" name=\"_wpcf7_version\" value=\"6.1.5\" \/><input type=\"hidden\" name=\"_wpcf7_locale\" value=\"tr_TR\" \/><input type=\"hidden\" name=\"_wpcf7_unit_tag\" value=\"wpcf7-f3754-o1\" \/><input type=\"hidden\" name=\"_wpcf7_container_post\" value=\"0\" \/><input type=\"hidden\" name=\"_wpcf7_posted_data_hash\" value=\"\" \/>\n<\/fieldset>\n<label> Ad\u0131n\u0131z Soyad\u0131n\u0131z\n    <span class=\"wpcf7-form-control-wrap\" data-name=\"your-name\"><input size=\"40\" maxlength=\"400\" class=\"wpcf7-form-control wpcf7-text wpcf7-validates-as-required\" autocomplete=\"name\" aria-required=\"true\" aria-invalid=\"false\" value=\"\" type=\"text\" name=\"your-name\" \/><\/span> <\/label>\n\n<label> E-posta adresiniz\n    <span class=\"wpcf7-form-control-wrap\" data-name=\"email-883\"><input size=\"40\" maxlength=\"400\" class=\"wpcf7-form-control wpcf7-email wpcf7-validates-as-required wpcf7-text wpcf7-validates-as-email\" aria-required=\"true\" aria-invalid=\"false\" value=\"\" type=\"email\" name=\"email-883\" \/><\/span> <\/label>\n\n<label> Telefon Numaran\u0131z\n    <span class=\"wpcf7-form-control-wrap\" data-name=\"phone-number\"><input size=\"40\" maxlength=\"400\" class=\"wpcf7-form-control wpcf7-text wpcf7-validates-as-required\" aria-required=\"true\" aria-invalid=\"false\" value=\"\" type=\"text\" name=\"phone-number\" \/><\/span> <\/label>\n\n<label> \u00dcniversiteniz ve B\u00f6l\u00fcm\u00fcn\u00fcz\n    <span class=\"wpcf7-form-control-wrap\" data-name=\"university\"><input size=\"40\" maxlength=\"400\" class=\"wpcf7-form-control wpcf7-text wpcf7-validates-as-required\" aria-required=\"true\" aria-invalid=\"false\" value=\"\" type=\"text\" name=\"university\" \/><\/span> <\/label>\n\n<label> Bizi nereden duydunuz?\n    <span class=\"wpcf7-form-control-wrap\" data-name=\"hear-from\"><input size=\"40\" maxlength=\"400\" class=\"wpcf7-form-control wpcf7-text wpcf7-validates-as-required\" aria-required=\"true\" aria-invalid=\"false\" value=\"\" type=\"text\" name=\"hear-from\" \/><\/span> <\/label>\n\n<label> Daha \u00f6nce g\u00f6n\u00fcll\u00fcl\u00fck yapt\u0131n\u0131z m\u0131? Yapt\u0131ysan\u0131z hangi kurumlarda yapt\u0131n\u0131z?\n    <span class=\"wpcf7-form-control-wrap\" data-name=\"subject1\"><input size=\"40\" maxlength=\"400\" class=\"wpcf7-form-control wpcf7-text wpcf7-validates-as-required\" aria-required=\"true\" aria-invalid=\"false\" value=\"\" type=\"text\" name=\"subject1\" \/><\/span> <\/label>\n\n<label> Stardust'a nas\u0131l bir g\u00f6n\u00fcll\u00fcl\u00fck deste\u011fi verebilirsiniz?\n    <span class=\"wpcf7-form-control-wrap\" data-name=\"subject2\"><input size=\"40\" maxlength=\"400\" class=\"wpcf7-form-control wpcf7-text wpcf7-validates-as-required\" aria-required=\"true\" aria-invalid=\"false\" value=\"\" type=\"text\" name=\"subject2\" \/><\/span> <\/label>\n\n<label> Hangi \u015fehirden ba\u015fvuruyorsunuz?\n    <span class=\"wpcf7-form-control-wrap\" data-name=\"city\"><input size=\"40\" maxlength=\"400\" class=\"wpcf7-form-control wpcf7-text wpcf7-validates-as-required\" aria-required=\"true\" aria-invalid=\"false\" value=\"\" type=\"text\" name=\"city\" \/><\/span> <\/label>\n\n<input class=\"wpcf7-form-control wpcf7-submit has-spinner\" type=\"submit\" value=\"G\u00f6nder\" \/><div class=\"wpcf7-response-output\" aria-hidden=\"true\"><\/div>\n<\/form>\n<\/div>\n<\/div>[\/vc_column][vc_column width=&#8221;1\/2&#8243;]<div class=\"wpb_content_element  vc_custom_1708550817903\"><style type=\"text\/css\">#ut_scv_69f40cac6e4f5 .ut-service-icon i { color: #FFF; }#ut_scv_69f40cac6e4f5 .ut-service-icon.ut-service-icon-round { background: #1d4f88; }#ut_scv_69f40cac6e4f5 .ut-service-icon.ut-service-icon-square { background: #1d4f88; }#ut_scv_69f40cac6e4f5 .ut-service-icon.ut-service-icon-rounded { background: #1d4f88; }#ut_scv_69f40cac6e4f5 .ut-service-column.ut-vertical h3 { font-size:18px !important;line-height:30px !important;letter-spacing:-0.01em; }#ut_scv_69f40cac6e4f5 .ut-service-column.ut-vertical p { font-size:14px !important;line-height:30px !important; }#ut_scv_69f40cac6e4f5 .ut-service-column.ut-vertical p { margin-top: 10px; }#ut_scv_69f40cac6e4f5 .ut-service-column.ut-vertical a.ut-service-column-vertical-link { font-size: 12px; }<\/style><div id=\"ut_scv_69f40cac6e4f5\" class=\" clearfix  ut-vertical-style ut-vertical-style-align-center\" ><figure  class=\"ut-service-icon ut-service-icon-round ut-service-icon-large ut-service-icon-with-svg\">\t\t\t\r\n\t\t\t<style type=\"text\/css\">\r\n\t\t\t\t\r\n\t\t\t\t\t\t\t\t\r\n\t\t\t\t\t#ut-svg-69f40cac6e590 { display:none; }\r\n\t\t\t\t\t#ut-svg-69f40cac6e590.ut-svg-loaded { display:block; }\r\n\t\t\t\t\r\n\t\t\t\t\r\n\t\t\t\t#ut-svg-69f40cac6e590 path { stroke: #ffffff; }\r\n\t\t\t\t#ut-svg-69f40cac6e590 line { stroke: #ffffff; }\r\n\t\t\t\t#ut-svg-69f40cac6e590 circle { stroke: #ffffff; }\r\n\t\t\t\t#ut-svg-69f40cac6e590 rect { stroke: #ffffff; }\r\n\t\t\t\t#ut-svg-69f40cac6e590 ellipse { stroke: #ffffff; }\r\n\t\t\t\t#ut-svg-69f40cac6e590 polyline { stroke: #ffffff; }\r\n\t\t\t\t#ut-svg-69f40cac6e590 polygon { stroke: #ffffff; }\r\n\t\t\t\t\r\n\t\t\t\t#ut-svg-69f40cac6e590 [data-name=\"layer1\"] { stroke: #ffffff; }\r\n\t\t\t\t#ut-svg-69f40cac6e590 [data-name=\"layer1\"] path { stroke: #ffffff; }\r\n\t\t\t\t\r\n\t\t\t\t\t\t\t\t\t\t\t\t\r\n\t\t\t\t\t\t\t\t\r\n\r\n\t\t\t<\/style>\r\n\t\t\r\n\t\t\r\n\r\n<svg version=\"1.1\" class=\"ut-vivus-draw\" data-settings=\"{&quot;draw_svg_icons&quot;:&quot;yes&quot;,&quot;draw_svg_type&quot;:&quot;oneByOne&quot;,&quot;draw_svg_delay&quot;:&quot;0&quot;,&quot;draw_svg_duration&quot;:&quot;100&quot;}\" id=\"ut-svg-69f40cac6e590\" xmlns=\"http:\/\/www.w3.org\/2000\/svg\" xmlns:xlink=\"http:\/\/www.w3.org\/1999\/xlink\" x=\"0px\" y=\"0px\"\r\n\t width=\"64px\" height=\"64px\" viewBox=\"0 0 64 64\" enable-background=\"new 0 0 64 64\" xml:space=\"preserve\">\r\n<rect x=\"1\" y=\"18\" fill=\"none\" stroke=\"#000000\" stroke-width=\"2\" stroke-miterlimit=\"10\" width=\"52\" height=\"32\"\/>\r\n<polyline fill=\"none\" stroke=\"#000000\" stroke-width=\"2\" stroke-miterlimit=\"10\" points=\"9.887,16 9.887,9 63,9 63,41 55,41 \"\/>\r\n<polyline fill=\"none\" stroke=\"#000000\" stroke-width=\"2\" stroke-miterlimit=\"10\" points=\"0.887,18 27,33.062 53,18 \"\/>\r\n<\/svg>\r\n<\/figure><div class=\"ut-service-column ut-vertical\"><h3 data-responsive-font=\"h3\" data-responsive-font-settings=\"{&quot;base-font-size&quot;:&quot;global&quot;,&quot;font-size&quot;:{&quot;desktop_large&quot;:&quot;18&quot;},&quot;base-line-height&quot;:&quot;global&quot;,&quot;line-height&quot;:{&quot;desktop_large&quot;:&quot;30&quot;},&quot;base-letter-spacing&quot;:&quot;global&quot;,&quot;letter-spacing&quot;:{&quot;desktop_large&quot;:&quot;-0.01&quot;}}\" class=\"ut-service-column-title element-with-custom-line-height\">Mail G\u00f6nder<\/h3><p class=\"element-with-custom-line-height\" data-responsive-font=\"p\" data-responsive-font-settings=\"{&quot;base-font-size&quot;:&quot;global&quot;,&quot;font-size&quot;:{&quot;desktop_large&quot;:&quot;14&quot;},&quot;base-line-height&quot;:&quot;global&quot;,&quot;line-height&quot;:{&quot;desktop_large&quot;:&quot;30&quot;},&quot;base-letter-spacing&quot;:&quot;global&quot;}\">info@stardustsquad.org<\/p><\/div><\/div><\/div><div class=\"wpb_content_element  vc_custom_1708550852391\"><style type=\"text\/css\">#ut_scv_69f40cac6e67f .ut-service-icon i { color: #FFF; }#ut_scv_69f40cac6e67f .ut-service-icon.ut-service-icon-round { background: #1d4f88; }#ut_scv_69f40cac6e67f .ut-service-icon.ut-service-icon-square { background: #1d4f88; }#ut_scv_69f40cac6e67f .ut-service-icon.ut-service-icon-rounded { background: #1d4f88; }#ut_scv_69f40cac6e67f .ut-service-column.ut-vertical h3 { font-size:18px !important;line-height:30px !important;letter-spacing:-0.01em; }#ut_scv_69f40cac6e67f .ut-service-column.ut-vertical p { font-size:14px !important;line-height:30px !important; }#ut_scv_69f40cac6e67f .ut-service-column.ut-vertical p { margin-top: 10px; }#ut_scv_69f40cac6e67f .ut-service-column.ut-vertical a.ut-service-column-vertical-link { font-size: 12px; }<\/style><div id=\"ut_scv_69f40cac6e67f\" class=\" clearfix  ut-vertical-style ut-vertical-style-align-center\" ><figure  class=\"ut-service-icon ut-service-icon-round ut-service-icon-large ut-service-icon-with-svg\">\t\t\t\r\n\t\t\t<style type=\"text\/css\">\r\n\t\t\t\t\r\n\t\t\t\t\t\t\t\t\r\n\t\t\t\t\t#ut-svg-69f40cac6e6e2 { display:none; }\r\n\t\t\t\t\t#ut-svg-69f40cac6e6e2.ut-svg-loaded { display:block; }\r\n\t\t\t\t\r\n\t\t\t\t\r\n\t\t\t\t#ut-svg-69f40cac6e6e2 path { stroke: #ffffff; }\r\n\t\t\t\t#ut-svg-69f40cac6e6e2 line { stroke: #ffffff; }\r\n\t\t\t\t#ut-svg-69f40cac6e6e2 circle { stroke: #ffffff; }\r\n\t\t\t\t#ut-svg-69f40cac6e6e2 rect { stroke: #ffffff; }\r\n\t\t\t\t#ut-svg-69f40cac6e6e2 ellipse { stroke: #ffffff; }\r\n\t\t\t\t#ut-svg-69f40cac6e6e2 polyline { stroke: #ffffff; }\r\n\t\t\t\t#ut-svg-69f40cac6e6e2 polygon { stroke: #ffffff; }\r\n\t\t\t\t\r\n\t\t\t\t#ut-svg-69f40cac6e6e2 [data-name=\"layer1\"] { stroke: #ffffff; }\r\n\t\t\t\t#ut-svg-69f40cac6e6e2 [data-name=\"layer1\"] path { stroke: #ffffff; }\r\n\t\t\t\t\r\n\t\t\t\t\t\t\t\t\t\t\t\t\r\n\t\t\t\t\t\t\t\t\r\n\r\n\t\t\t<\/style>\r\n\t\t\r\n\t\t\r\n\r\n<svg version=\"1.1\" class=\"ut-vivus-draw\" data-settings=\"{&quot;draw_svg_icons&quot;:&quot;yes&quot;,&quot;draw_svg_type&quot;:&quot;oneByOne&quot;,&quot;draw_svg_delay&quot;:&quot;0&quot;,&quot;draw_svg_duration&quot;:&quot;100&quot;}\" id=\"ut-svg-69f40cac6e6e2\" xmlns=\"http:\/\/www.w3.org\/2000\/svg\" xmlns:xlink=\"http:\/\/www.w3.org\/1999\/xlink\" x=\"0px\" y=\"0px\"\r\n\t width=\"64px\" height=\"64px\" viewBox=\"0 0 64 64\" enable-background=\"new 0 0 64 64\" xml:space=\"preserve\">\r\n<polygon fill=\"none\" stroke=\"#000000\" stroke-width=\"2\" stroke-miterlimit=\"10\" points=\"55,24 22,24 22,12 55,12 62,18 \"\/>\r\n<polygon fill=\"none\" stroke=\"#000000\" stroke-width=\"2\" stroke-miterlimit=\"10\" points=\"9,28 42,28 42,40 9,40 2,34 \"\/>\r\n<line fill=\"none\" stroke=\"#000000\" stroke-width=\"2\" stroke-miterlimit=\"10\" x1=\"32\" y1=\"40\" x2=\"32\" y2=\"64\"\/>\r\n<line fill=\"none\" stroke=\"#000000\" stroke-width=\"2\" stroke-miterlimit=\"10\" x1=\"32\" y1=\"28\" x2=\"32\" y2=\"24\"\/>\r\n<line fill=\"none\" stroke=\"#000000\" stroke-width=\"2\" stroke-miterlimit=\"10\" x1=\"32\" y1=\"12\" x2=\"32\" y2=\"7\"\/>\r\n<line fill=\"none\" stroke=\"#000000\" stroke-width=\"2\" stroke-miterlimit=\"10\" x1=\"24\" y1=\"63\" x2=\"40\" y2=\"63\"\/>\r\n<\/svg>\r\n<\/figure><div class=\"ut-service-column ut-vertical\"><h3 data-responsive-font=\"h3\" data-responsive-font-settings=\"{&quot;base-font-size&quot;:&quot;global&quot;,&quot;font-size&quot;:{&quot;desktop_large&quot;:&quot;18&quot;},&quot;base-line-height&quot;:&quot;global&quot;,&quot;line-height&quot;:{&quot;desktop_large&quot;:&quot;30&quot;},&quot;base-letter-spacing&quot;:&quot;global&quot;,&quot;letter-spacing&quot;:{&quot;desktop_large&quot;:&quot;-0.01&quot;}}\" class=\"ut-service-column-title element-with-custom-line-height\">Ziyaret Et<\/h3><p class=\"element-with-custom-line-height\" data-responsive-font=\"p\" data-responsive-font-settings=\"{&quot;base-font-size&quot;:&quot;global&quot;,&quot;font-size&quot;:{&quot;desktop_large&quot;:&quot;14&quot;},&quot;base-line-height&quot;:&quot;global&quot;,&quot;line-height&quot;:{&quot;desktop_large&quot;:&quot;30&quot;},&quot;base-letter-spacing&quot;:&quot;global&quot;}\">Nusaybin \/ Mardin<\/p><\/div><\/div><\/div>[\/vc_column][\/vc_row][\/vc_section][vc_row][vc_column width=&#8221;1\/2&#8243;][\/vc_column][vc_column width=&#8221;1\/2&#8243;][\/vc_column][\/vc_row]<\/p>\n<\/div>","protected":false},"excerpt":{"rendered":"<p>[vc_section css=&#8221;.vc_custom_1527694031773{background-color: #fafafa !important;}&#8221;][vc_row][vc_column][\/vc_column][\/vc_row][\/vc_section][vc_section][vc_row equal_height=&#8221;yes&#8221; content_placement=&#8221;middle&#8221;][vc_column width=&#8221;1\/2&#8243;][\/vc_column][vc_column width=&#8221;1\/2&#8243;][\/vc_column][\/vc_row][\/vc_section][vc_row][vc_column width=&#8221;1\/2&#8243;][\/vc_column][vc_column width=&#8221;1\/2&#8243;][\/vc_column][\/vc_row]<\/p>\n","protected":false},"author":2,"featured_media":0,"parent":0,"menu_order":0,"comment_status":"closed","ping_status":"closed","template":"","meta":{"footnotes":""},"class_list":["post-3346","page","type-page","status-publish","hentry"],"_links":{"self":[{"href":"https:\/\/stardustsquad.org\/index.php\/wp-json\/wp\/v2\/pages\/3346","targetHints":{"allow":["GET"]}}],"collection":[{"href":"https:\/\/stardustsquad.org\/index.php\/wp-json\/wp\/v2\/pages"}],"about":[{"href":"https:\/\/stardustsquad.org\/index.php\/wp-json\/wp\/v2\/types\/page"}],"author":[{"embeddable":true,"href":"https:\/\/stardustsquad.org\/index.php\/wp-json\/wp\/v2\/users\/2"}],"replies":[{"embeddable":true,"href":"https:\/\/stardustsquad.org\/index.php\/wp-json\/wp\/v2\/comments?post=3346"}],"version-history":[{"count":4,"href":"https:\/\/stardustsquad.org\/index.php\/wp-json\/wp\/v2\/pages\/3346\/revisions"}],"predecessor-version":[{"id":3756,"href":"https:\/\/stardustsquad.org\/index.php\/wp-json\/wp\/v2\/pages\/3346\/revisions\/3756"}],"wp:attachment":[{"href":"https:\/\/stardustsquad.org\/index.php\/wp-json\/wp\/v2\/media?parent=3346"}],"curies":[{"name":"wp","href":"https:\/\/api.w.org\/{rel}","templated":true}]}}