{"id":3166,"date":"2024-03-04T15:20:06","date_gmt":"2024-03-04T12:20:06","guid":{"rendered":"https:\/\/stardustsquad.org\/?page_id=3166"},"modified":"2024-03-11T16:55:35","modified_gmt":"2024-03-11T13:55:35","slug":"hikayemiz","status":"publish","type":"page","link":"https:\/\/stardustsquad.org\/index.php\/hikayemiz\/","title":{"rendered":"Hikayemiz"},"content":{"rendered":"<div class=\"wpb-content-wrapper\"><p>[vc_section css=&#8221;.vc_custom_1497391445516{border-bottom-width: 1px !important;border-bottom-color: #dddddd !important;border-bottom-style: solid !important;}&#8221;][vc_row][vc_column]<div class=\"wpb_content_element \"><style type=\"text\/css\">#ut_header_69f40ce9701d0 h1.page-title { font-size:60px !important;letter-spacing:-0.03em; }<\/style><header id=\"ut_header_69f40ce9701d0\" class=\"page-header page-title-module  ut-no-title-linebreak-mobile ut-no-lead-linebreak-mobile pt-style-2 header-center header-tablet-center header-mobile-center\"><h1 data-title=\"Hikayemiz\"  data-responsive-font=\"page_title\" data-responsive-font-settings=\"{&quot;base-font-size&quot;:&quot;global&quot;,&quot;font-size&quot;:{&quot;desktop_large&quot;:&quot;60&quot;},&quot;base-line-height&quot;:&quot;global&quot;,&quot;base-letter-spacing&quot;:&quot;global&quot;,&quot;letter-spacing&quot;:{&quot;desktop_large&quot;:&quot;-0.03&quot;}}\" class=\"page-title  \"><span>Hikayemiz<\/span><\/h1><\/header><\/div>[\/vc_column][\/vc_row][vc_row][vc_column]<div class=\"wpb_content_element \"><style type=\"text\/css\">#ut_header_69f40ce97483e h4.section-title { font-size:40px !important;letter-spacing:-0.03em; }<\/style><header id=\"ut_header_69f40ce97483e\" class=\"section-header  ut-no-title-linebreak-mobile ut-no-lead-linebreak-mobile pt-style-2 header-left header-tablet-left header-mobile-center\"><h4 data-title=\"Hikayemiz 2018'de Ba\u015flad\u0131...\"  data-responsive-font=\"section_title\" data-responsive-font-settings=\"{&quot;base-font-size&quot;:&quot;40&quot;,&quot;font-size-unit&quot;:&quot;px&quot;,&quot;font-size&quot;:{&quot;desktop_large&quot;:&quot;40&quot;},&quot;base-line-height&quot;:&quot;global&quot;,&quot;base-letter-spacing&quot;:&quot;global&quot;,&quot;letter-spacing&quot;:{&quot;desktop_large&quot;:&quot;-0.03&quot;}}\" class=\"section-title  \"><span>Hikayemiz 2018'de Ba\u015flad\u0131...<\/span><\/h4><div data-delay=\"0\" class=\"lead \"><p>Fatma Dilan Gu\u0308nes\u0327 2018 y\u0131l\u0131nda Van Yu\u0308zu\u0308ncu\u0308 Y\u0131l U\u0308niversitesi Moleku\u0308ler Biyoloji ve Genetik Bo\u0308lu\u0308mu\u0308\u2019ne ba\u015flad\u0131. Kar\u015f\u0131s\u0131na \u00e7\u0131kan bilimsel ortam Fatma\u2019ya yeterli gelemedi\u011fi ic\u0327in 19 S\u0327ubat 2018&#8217;de u\u0308niversitedeki ilgili o\u0308g\u0306renciler ve akademisyenlerle bir araya gelerek, bilimsel imkanlar\u0131n art\u0131r\u0131lmas\u0131 amac\u0131yla bir bilim gecesi organize etti. Bu etkinlig\u0306e 100 kis\u0327i kat\u0131ld\u0131.<\/p>\n<p>O g\u00fcnden beri Fatma bilimsel imkanlar\u0131n art\u0131r\u0131lmas\u0131 i\u00e7in onlarca konferans, kongre, \u00e7al\u0131\u015ftay d\u00fczenledi, d\u00fcnyan\u0131n her yerinden \u00f6\u011frenci g\u00f6n\u00fcll\u00fcleri, akademisyenleri, i\u015f insanlar\u0131n\u0131 bu amaca destek olmaya ikna etti, e\u011fitim, staj ve mentorluk projeleriyle binlerce insan\u0131n hayat\u0131na dokundu ve bu projelerle \u00f6d\u00fcller kazand\u0131.<\/p>\n<p>Stardust b\u00f6yle bir s\u00fcrecin sonucunda 21 Aral\u0131k 2023 tarihinde Mardin&#8217;in Nusaybin il\u00e7esinde kuruldu.<\/p>\n<p>\n<\/div><\/header><\/div>[\/vc_column][\/vc_row][\/vc_section]<\/p>\n<\/div>","protected":false},"excerpt":{"rendered":"<p>[vc_section css=&#8221;.vc_custom_1497391445516{border-bottom-width: 1px !important;border-bottom-color: #dddddd !important;border-bottom-style: solid !important;}&#8221;][vc_row][vc_column][\/vc_column][\/vc_row][vc_row][vc_column][\/vc_column][\/vc_row][\/vc_section]<\/p>\n","protected":false},"author":2,"featured_media":0,"parent":0,"menu_order":0,"comment_status":"closed","ping_status":"closed","template":"","meta":{"footnotes":""},"class_list":["post-3166","page","type-page","status-publish","hentry"],"_links":{"self":[{"href":"https:\/\/stardustsquad.org\/index.php\/wp-json\/wp\/v2\/pages\/3166","targetHints":{"allow":["GET"]}}],"collection":[{"href":"https:\/\/stardustsquad.org\/index.php\/wp-json\/wp\/v2\/pages"}],"about":[{"href":"https:\/\/stardustsquad.org\/index.php\/wp-json\/wp\/v2\/types\/page"}],"author":[{"embeddable":true,"href":"https:\/\/stardustsquad.org\/index.php\/wp-json\/wp\/v2\/users\/2"}],"replies":[{"embeddable":true,"href":"https:\/\/stardustsquad.org\/index.php\/wp-json\/wp\/v2\/comments?post=3166"}],"version-history":[{"count":13,"href":"https:\/\/stardustsquad.org\/index.php\/wp-json\/wp\/v2\/pages\/3166\/revisions"}],"predecessor-version":[{"id":3170,"href":"https:\/\/stardustsquad.org\/index.php\/wp-json\/wp\/v2\/pages\/3166\/revisions\/3170"}],"wp:attachment":[{"href":"https:\/\/stardustsquad.org\/index.php\/wp-json\/wp\/v2\/media?parent=3166"}],"curies":[{"name":"wp","href":"https:\/\/api.w.org\/{rel}","templated":true}]}}