{"id":3075,"date":"2024-02-21T23:35:19","date_gmt":"2024-02-21T20:35:19","guid":{"rendered":"https:\/\/stardustsquad.org\/?page_id=3075"},"modified":"2024-09-26T23:59:49","modified_gmt":"2024-09-26T20:59:49","slug":"stardusta-katil-yeni","status":"publish","type":"page","link":"https:\/\/stardustsquad.org\/index.php\/stardusta-katil-yeni\/","title":{"rendered":"Stardust&#8217;a Kat\u0131l"},"content":{"rendered":"<div class=\"wpb-content-wrapper\"><p>[vc_row][vc_column]<div class=\"wpb_content_element \"><style type=\"text\/css\">#ut_header_69f40cac51517 h1.page-title { font-size:60px !important;letter-spacing:-0.03em; }<\/style><header id=\"ut_header_69f40cac51517\" class=\"page-header page-title-module  ut-no-title-linebreak-mobile ut-no-lead-linebreak-mobile pt-style-2 header-center header-tablet-center header-mobile-center\"><h1 data-title=\"Stardust&#8217;a Kat\u0131l\"  data-responsive-font=\"page_title\" data-responsive-font-settings=\"{&quot;base-font-size&quot;:&quot;global&quot;,&quot;font-size&quot;:{&quot;desktop_large&quot;:&quot;60&quot;},&quot;base-line-height&quot;:&quot;global&quot;,&quot;base-letter-spacing&quot;:&quot;global&quot;,&quot;letter-spacing&quot;:{&quot;desktop_large&quot;:&quot;-0.03&quot;}}\" class=\"page-title  \"><span>Stardust&#8217;a Kat\u0131l<\/span><\/h1><div data-delay=\"0\" class=\"lead \"><p>Stardust olarak; d\u00fcnyan\u0131n farkl\u0131 \u00fclkelerinden bilim insanlar\u0131n\u0131 ve m\u00fchendisleri bir araya getirerek T\u00fcrkiye\u2019de alan\u0131nda ba\u015far\u0131l\u0131 olmak isteyen gelece\u011fin bilim insanlar\u0131n\u0131 ve m\u00fchendislerini g\u00fc\u00e7lendirip destekleyecek partnerlikler kuruyoruz.<\/p>\n<\/div><\/header><\/div>[\/vc_column][\/vc_row][vc_section][vc_row][vc_column width=&#8221;1\/2&#8243;]<div class=\"wpb_content_element \"><style type=\"text\/css\">#ut_header_69f40cac5f7df h2.section-title { font-size:45px !important;letter-spacing:-0.03em; }<\/style><header id=\"ut_header_69f40cac5f7df\" class=\"section-header  ut-no-title-linebreak-mobile ut-no-lead-linebreak-mobile pt-style-2 header-center header-tablet-center header-mobile-center\"><h2 data-title=\"Ki\u015fi Olarak Ba\u015fvur\"  data-responsive-font=\"section_title\" data-responsive-font-settings=\"{&quot;base-font-size&quot;:&quot;45&quot;,&quot;font-size&quot;:{&quot;desktop_large&quot;:&quot;45&quot;},&quot;base-line-height&quot;:&quot;global&quot;,&quot;base-letter-spacing&quot;:&quot;global&quot;,&quot;letter-spacing&quot;:{&quot;desktop_large&quot;:&quot;-0.03&quot;}}\" class=\"section-title  \"><span>Ki\u015fi Olarak Ba\u015fvur<\/span><\/h2><\/header><\/div><div class=\"wpb_content_element\"><style type=\"text\/css\">#ut_bi_69f40cac60c1d .bklyn-big-icon-round.bklyn-big-icon .fa, #ut_bi_69f40cac60c1d .bklyn-big-icon-square.bklyn-big-icon .fa { line-height: 80px;}#ut_bi_69f40cac60c1d .bklyn-big-icon img {max-height: 80px;} #ut_bi_69f40cac60c1d .bklyn-big-icon { height: 160px;line-height: 160px;width: 160px;font-size: 80px;}#ut_bi_69f40cac60c1d .bklyn-big-icon svg {transform: scale(1.6);}<\/style><div id=\"ut_bi_69f40cac60c1d\" class=\"bklyn-big-icon-wrap\"><div class=\"bklyn-big-icon-link \"><div class=\"bklyn-big-icon bklyn-big-icon-round\"><div class=\"bklyn-big-icon-inner\"><i class=\"fa fa-address-card-o\"><\/i><\/div><\/div><\/div><\/div><\/div><style type=\"text\/css\">#bklyn_btn_69f40cac60c69 a i:before { font-size:25px; }<\/style><div id=\"bklyn_btn_69f40cac60c69\" class=\"bklyn-btn-holder  bklyn-btn-center bklyn-btn-tablet-center bklyn-btn-mobile-center\"><a title=\"Menti Ol form\"   href=\"https:\/\/stardustsquad.org\/index.php\/kisi-olarak-basvur-sayfasi\/\" target=\"_self\" class=\"bklyn-btn  bklyn-btn-icon-left bklyn-btn-normal\" ><i class=\"BklynIcons-Flying-Rocket\"><\/i><span class=\"ut-btn-text\">Menti Ol<\/span><\/a><\/div><style type=\"text\/css\">#bklyn_btn_69f40cac60cb0 a i:before { font-size:20px; }<\/style><div id=\"bklyn_btn_69f40cac60cb0\" class=\"bklyn-btn-holder  bklyn-btn-center bklyn-btn-tablet-center bklyn-btn-mobile-center\"><a title=\"G\u00f6n\u00fcll\u00fc Ol form\"   href=\"https:\/\/stardustsquad.org\/index.php\/gonullu-ol\/\" target=\"_self\" class=\"bklyn-btn  bklyn-btn-icon-left bklyn-btn-normal\" ><i class=\"BklynIcons-Rocket-Launch\"><\/i><span class=\"ut-btn-text\">G\u00f6n\u00fcll\u00fc Ol<\/span><\/a><\/div><style type=\"text\/css\"><\/style><div id=\"bklyn_btn_69f40cac60cd7\" class=\"bklyn-btn-holder  bklyn-btn-center bklyn-btn-tablet-center bklyn-btn-mobile-center\"><a title=\"Ment\u00f6r Ol Formu\"   href=\"https:\/\/stardustsquad.org\/index.php\/mentor-ol\/\" target=\"_self\" class=\"bklyn-btn  bklyn-btn-normal\" ><span class=\"ut-btn-text\">Ment\u00f6r Ol<\/span><\/a><\/div>[\/vc_column][vc_column width=&#8221;1\/2&#8243;]<div class=\"wpb_content_element \"><style type=\"text\/css\">#ut_header_69f40cac6129d h2.section-title { font-size:45px !important;letter-spacing:-0.03em; }<\/style><header id=\"ut_header_69f40cac6129d\" class=\"section-header  ut-no-title-linebreak-mobile ut-no-lead-linebreak-mobile pt-style-2 header-center header-tablet-center header-mobile-center\"><h2 data-title=\"Kurum Olarak Ba\u015fvur\"  data-responsive-font=\"section_title\" data-responsive-font-settings=\"{&quot;base-font-size&quot;:&quot;45&quot;,&quot;font-size&quot;:{&quot;desktop_large&quot;:&quot;45&quot;},&quot;base-line-height&quot;:&quot;global&quot;,&quot;base-letter-spacing&quot;:&quot;global&quot;,&quot;letter-spacing&quot;:{&quot;desktop_large&quot;:&quot;-0.03&quot;}}\" class=\"section-title  \"><span>Kurum Olarak Ba\u015fvur<\/span><\/h2><\/header><\/div><div class=\"wpb_content_element\"><style type=\"text\/css\">#ut_bi_69f40cac61ad8 .bklyn-big-icon-round.bklyn-big-icon .fa, #ut_bi_69f40cac61ad8 .bklyn-big-icon-square.bklyn-big-icon .fa { line-height: 80px;}#ut_bi_69f40cac61ad8 .bklyn-big-icon img {max-height: 80px;} #ut_bi_69f40cac61ad8 .bklyn-big-icon { height: 160px;line-height: 160px;width: 160px;font-size: 80px;}#ut_bi_69f40cac61ad8 .bklyn-big-icon svg {transform: scale(1.6);}<\/style><div id=\"ut_bi_69f40cac61ad8\" class=\"bklyn-big-icon-wrap\"><div class=\"bklyn-big-icon-link \"><div class=\"bklyn-big-icon bklyn-big-icon-round\"><div class=\"bklyn-big-icon-inner\"><i class=\"fa fa-handshake-o\"><\/i><\/div><\/div><\/div><\/div><\/div><style type=\"text\/css\">#bklyn_btn_69f40cac61b1b a i:before { font-size:25px; }<\/style><div id=\"bklyn_btn_69f40cac61b1b\" class=\"bklyn-btn-holder  bklyn-btn-center bklyn-btn-tablet-center bklyn-btn-mobile-center\"><a title=\"Partner Ol Formu\"   href=\"https:\/\/stardustsquad.org\/index.php\/partner-ol\/\" target=\"_self\" class=\"bklyn-btn  bklyn-btn-icon-left bklyn-btn-normal\" ><i class=\"BklynIcons-Addon-Setting\"><\/i><span class=\"ut-btn-text\">Partner Ol<\/span><\/a><\/div><style type=\"text\/css\"><\/style><div id=\"bklyn_btn_69f40cac61b57\" class=\"bklyn-btn-holder  bklyn-btn-center bklyn-btn-tablet-center bklyn-btn-mobile-center\"><a title=\"Destek Ol Formu\"   href=\"https:\/\/stardustsquad.org\/index.php\/destek-ol-formu\/\" target=\"_self\" class=\"bklyn-btn  bklyn-btn-normal\" ><span class=\"ut-btn-text\">Destek Ol<\/span><\/a><\/div>[\/vc_column][\/vc_row][\/vc_section]<\/p>\n<\/div>","protected":false},"excerpt":{"rendered":"<p>[vc_row][vc_column][\/vc_column][\/vc_row][vc_section][vc_row][vc_column width=&#8221;1\/2&#8243;][\/vc_column][vc_column width=&#8221;1\/2&#8243;][\/vc_column][\/vc_row][\/vc_section]<\/p>\n","protected":false},"author":2,"featured_media":0,"parent":0,"menu_order":0,"comment_status":"closed","ping_status":"closed","template":"","meta":{"footnotes":""},"class_list":["post-3075","page","type-page","status-publish","hentry"],"_links":{"self":[{"href":"https:\/\/stardustsquad.org\/index.php\/wp-json\/wp\/v2\/pages\/3075","targetHints":{"allow":["GET"]}}],"collection":[{"href":"https:\/\/stardustsquad.org\/index.php\/wp-json\/wp\/v2\/pages"}],"about":[{"href":"https:\/\/stardustsquad.org\/index.php\/wp-json\/wp\/v2\/types\/page"}],"author":[{"embeddable":true,"href":"https:\/\/stardustsquad.org\/index.php\/wp-json\/wp\/v2\/users\/2"}],"replies":[{"embeddable":true,"href":"https:\/\/stardustsquad.org\/index.php\/wp-json\/wp\/v2\/comments?post=3075"}],"version-history":[{"count":19,"href":"https:\/\/stardustsquad.org\/index.php\/wp-json\/wp\/v2\/pages\/3075\/revisions"}],"predecessor-version":[{"id":3087,"href":"https:\/\/stardustsquad.org\/index.php\/wp-json\/wp\/v2\/pages\/3075\/revisions\/3087"}],"wp:attachment":[{"href":"https:\/\/stardustsquad.org\/index.php\/wp-json\/wp\/v2\/media?parent=3075"}],"curies":[{"name":"wp","href":"https:\/\/api.w.org\/{rel}","templated":true}]}}