{"id":2718,"date":"2024-02-05T14:42:11","date_gmt":"2024-02-05T11:42:11","guid":{"rendered":"https:\/\/stardustsquad.org\/?page_id=2718"},"modified":"2024-02-05T14:45:44","modified_gmt":"2024-02-05T11:45:44","slug":"interner-sitesi-cerez-aydinlatma-metni","status":"publish","type":"page","link":"https:\/\/stardustsquad.org\/index.php\/interner-sitesi-cerez-aydinlatma-metni\/","title":{"rendered":"\u0130nternet Sitesi \u00c7erez Ayd\u0131nlatma Metni"},"content":{"rendered":"<div class=\"wpb-content-wrapper\"><p>[vc_section][vc_row][vc_column][vc_column_text]<b>Ayd\u0131nlatma Metni Hakk\u0131nda<\/b><\/p>\n<p><span style=\"font-weight: 400;\">Stardust E\u011fitim Dan\u0131\u015fmanl\u0131k Sosyal Giri\u015fim A.\u015e. (bundan b\u00f6yle \u2018\u015eirket\u2019) olarak, \u00e7evrimi\u00e7i mecralar\u0131m\u0131z\u0131 ziyaretleriniz s\u0131ras\u0131nda sizlerin deneyiminizi geli\u015ftirmek i\u00e7in \u00e7erezler, pikseller, gifler gibi baz\u0131 teknolojilerden (\u201c<\/span><b>\u00e7erezler<\/b><span style=\"font-weight: 400;\">\u201d) faydalanmaktay\u0131z. Bu teknolojilerin kullan\u0131m\u0131 ba\u015fta 6698 say\u0131l\u0131 Ki\u015fisel Verilerin Korunmas\u0131 Kanunu (\u201c<\/span><b>KVKK Kanunu<\/b><span style=\"font-weight: 400;\">\u201d) olmak \u00fczere tabi oldu\u011fumuz mevzuata uygun \u015fekilde ger\u00e7ekle\u015ftirilmektedir.<\/span><\/p>\n<p><span style=\"font-weight: 400;\">\u0130\u015fbu \u00c7erez Ayd\u0131nlatma Metni\u2019nin amac\u0131, taraf\u0131m\u0131zca i\u015fletilmekte olan www.[\u25cf].com internet sitesinin (\u201c<\/span><b>Site<\/b><span style=\"font-weight: 400;\">\u201d) i\u015fletilmesi s\u0131ras\u0131nda Site ziyaret\u00e7ileri (\u201c<\/span><b>Veri Sahibi<\/b><span style=\"font-weight: 400;\">\u201d) taraf\u0131ndan \u00e7erezlerin kullan\u0131m\u0131 ile elde edilen ki\u015fisel verilerin i\u015flenmesine ili\u015fkin olarak sizlere bilgi vermektir. \u0130\u015fbu metinde sitemizde hangi ama\u00e7larla hangi t\u00fcr \u00e7erezleri kulland\u0131\u011f\u0131m\u0131z\u0131 ve bu \u00e7erezleri nas\u0131l kontrol edebilece\u011finizi sizlere a\u00e7\u0131klamak istiyoruz.<\/span><\/p>\n<p><span style=\"font-weight: 400;\">Stardust E\u011fitim Dan\u0131\u015fmanl\u0131k Sosyal Giri\u015fim A.\u015e. olarak sitemizde kulland\u0131\u011f\u0131m\u0131z \u00e7erezleri kullanmaktan vazge\u00e7ebilir, bunlar\u0131n t\u00fcrlerini veya fonksiyonlar\u0131n\u0131 de\u011fi\u015ftirebilir veya sitemize yeni \u00e7erezler ekleyebiliriz. Dolay\u0131s\u0131yla i\u015fbu Ayd\u0131nlatma Metninin h\u00fck\u00fcmlerini diledi\u011fimiz zaman de\u011fi\u015ftirme hakk\u0131n\u0131 sakl\u0131 tutar\u0131z. G\u00fcncel Ayd\u0131nlatma Metni \u00fczerinde ger\u00e7ekle\u015ftirilmi\u015f olan her t\u00fcrl\u00fc de\u011fi\u015fiklik sitede veya herhangi bir kamuya a\u00e7\u0131k mecrada yay\u0131mlanmakla birlikte y\u00fcr\u00fcrl\u00fck kazanacakt\u0131r. Son g\u00fcncelleme tarihini metnin ba\u015f\u0131nda bulabilirsiniz.<\/span><\/p>\n<p><b>Ki\u015fisel Veri Toplaman\u0131n Y\u00f6ntemi ve Hukuki Sebebi<\/b><\/p>\n<p><span style=\"font-weight: 400;\">Ki\u015fisel verileriniz, internet sitemizi ziyaretiniz kapsam\u0131nda veya uygulamam\u0131z\u0131 kullanman\u0131z dolay\u0131s\u0131yla elektronik ortamda \u00e7erezler yoluyla \u015eirketimizin me\u015fru menfaatine y\u00f6nelik hukuki sebebe dayal\u0131 olarak toplanmaktad\u0131r. Toplanan ki\u015fisel verileriniz Kanun\u2019un 5.<\/span> <span style=\"font-weight: 400;\">maddelerinde belirtilen ki\u015fisel veri i\u015fleme \u015fartlar\u0131 ve ama\u00e7lar\u0131 kapsam\u0131nda i\u015fbu \u00c7erez Ayd\u0131nlatma Metni\u2019nde belirtilen ama\u00e7larla da i\u015flenebilmektedir.<\/span><\/p>\n<h1><\/h1>\n<p><b>Ki\u015fisel Verilerin Kimlere ve Hangi Ama\u00e7la Aktar\u0131labilece\u011fi<\/b><\/p>\n<p><span style=\"font-weight: 400;\">Stardust E\u011fitim Dan\u0131\u015fmanl\u0131k Sosyal Giri\u015fim A.\u015e. olarak, \u00c7erez Ayd\u0131nlatma Metni kapsam\u0131ndaki ki\u015fisel verilerinizi yukar\u0131da belirtilen ama\u00e7lar\u0131n ger\u00e7ekle\u015ftirilebilmesi ile s\u0131n\u0131rl\u0131 olarak ve mevzuata uygun \u015fekilde tedarik\u00e7ilerimize, grup \u015firketlerine, kanunen yetkili kamu kurumlar\u0131na ve \u00f6zel ki\u015filere payla\u015fabiliriz.<\/span><\/p>\n<p><b>Hangi \u00c7erezler Hangi Ama\u00e7larla Kullan\u0131lmaktad\u0131r?<\/b><\/p>\n<p><b>Genel Olarak<\/b><\/p>\n<p><span style=\"font-weight: 400;\">Stardust E\u011fitim Dan\u0131\u015fmanl\u0131k Sosyal Giri\u015fim A.\u015e. olarak sitemizde \u00e7e\u015fitli ama\u00e7larla \u00e7erezler kullanmakta ve bu \u00e7erezler vas\u0131tas\u0131yla ki\u015fisel verilerinizi i\u015flemekteyiz. Bu ama\u00e7lar ba\u015fl\u0131ca \u015funlard\u0131r:<\/span><\/p>\n<p><span style=\"font-weight: 400;\">\u2013 <\/span><b>Site\u2019nin \u00e7al\u0131\u015fmas\u0131 i\u00e7in gerekli temel fonksiyonlar\u0131 ger\u00e7ekle\u015ftirmek.<\/b><span style=\"font-weight: 400;\"> \u00d6rne\u011fin, oturum a\u00e7an \u00fcyelerin Site\u2019de farkl\u0131 sayfalar\u0131 ziyaret ederken tekrar \u015fifre girmelerine gerek kalmamas\u0131.<\/span><\/p>\n<p><span style=\"font-weight: 400;\">\u2013 <\/span><b>Site\u2019yi analiz etmek ve Site\u2019nin performans\u0131n\u0131 artt\u0131rmak.<\/b><span style=\"font-weight: 400;\"> \u00d6rne\u011fin, Site\u2019nin \u00fczerinde \u00e7al\u0131\u015ft\u0131\u011f\u0131 farkl\u0131 sunucular\u0131n entegrasyonu, Site\u2019yi ziyaret edenlerin say\u0131s\u0131n\u0131n tespit edilmesi ve buna g\u00f6re performans ayarlar\u0131n\u0131n yap\u0131lmas\u0131 ya da ziyaret\u00e7ilerin arad\u0131klar\u0131n\u0131 bulmalar\u0131n\u0131n kolayla\u015ft\u0131r\u0131lmas\u0131.<\/span><\/p>\n<p><b>\u2013 Site\u2019nin i\u015flevselli\u011fini artt\u0131rmak ve kullan\u0131m kolayl\u0131\u011f\u0131 sa\u011flamak.<\/b><span style=\"font-weight: 400;\"> \u00d6rne\u011fin, Site \u00fczerinden \u00fc\u00e7\u00fcnc\u00fc taraf sosyal medya mecralar\u0131na payla\u015f\u0131mda bulunmak, Site\u2019yi ziyaret eden ziyaret\u00e7inin daha sonraki ziyaretinde kullan\u0131c\u0131 ad\u0131 bilgisinin ya da arama sorgular\u0131n\u0131n hat\u0131rlanmas\u0131.<\/span><\/p>\n<p><span style=\"font-weight: 400;\">Stardust E\u011fitim Dan\u0131\u015fmanl\u0131k Sosyal Giri\u015fim A.\u015e. olarak, Ayd\u0131nlatma Metni kapsam\u0131ndaki ki\u015fisel verilerinizi yukar\u0131da belirtilen ama\u00e7lar\u0131n ger\u00e7ekle\u015ftirilebilmesi ile s\u0131n\u0131rl\u0131 olarak ve mevzuata uygun \u015fekilde tedarik\u00e7ilerimize, kanunen yetkili kamu kurumlar\u0131na ve \u00f6zel ki\u015filere payla\u015fabiliriz. Verilerin aktar\u0131ld\u0131\u011f\u0131 taraflar\u0131n ki\u015fisel verilerinizi d\u00fcnyan\u0131n her yerindeki sunucular\u0131nda saklayabilece\u011fini belirtmek isteriz.<\/span><\/p>\n<p><b>Sitemizde Kullan\u0131lan \u00c7erezler<\/b><\/p>\n<p><span style=\"font-weight: 400;\">A\u015fa\u011f\u0131da sitemizde kulland\u0131\u011f\u0131m\u0131z farkl\u0131 t\u00fcrdeki \u00e7erezleri bulabilirsiniz. Sitemizde hem birinci parti \u00e7erezler (ziyaret etti\u011finiz site taraf\u0131ndan yerle\u015ftirilen) hem de \u00fc\u00e7\u00fcnc\u00fc parti \u00e7erezleri (ziyaret etti\u011finiz site haricindeki sunucular taraf\u0131ndan yerle\u015ftirilen) kullan\u0131lmaktad\u0131r.<\/span><\/p>\n<p><b>Performans ve Analiz \u00c7erezleri<\/b><\/p>\n<p><span style=\"font-weight: 400;\">Bu \u00e7erezler sayesinde sitemizi kullan\u0131m\u0131n\u0131z\u0131 ve sitemizin performans\u0131n\u0131 analiz ederek sizlere verdi\u011fimiz hizmetleri daha iyi hale getirebiliyoruz. \u00d6rne\u011fin bu \u00e7erezler sayesinde ziyaret\u00e7ilerimizin en \u00e7ok hangi sayfalar\u0131 g\u00f6r\u00fcnt\u00fcledi\u011fini, sitemizin gerekti\u011fi gibi \u00e7al\u0131\u015f\u0131p \u00e7al\u0131\u015fmad\u0131\u011f\u0131n\u0131 ve olas\u0131 problemleri tespit edebiliyoruz.<\/span><\/p>\n<table>\n<tbody>\n<tr>\n<td><b>\u00c7erez<\/b><\/td>\n<td><b>A\u00e7\u0131klama<\/b><\/td>\n<\/tr>\n<tr>\n<td><b>_ga <\/b><span style=\"font-weight: 400;\">(expiration time: 2 years)<\/span><\/td>\n<td><span style=\"font-weight: 400;\">Ziyaret\u00e7inin web sitesini nas\u0131l kulland\u0131\u011f\u0131 hakk\u0131nda istatistiksel veriler \u00fcretmek i\u00e7in kullan\u0131lacak tekil bir id kaydeder. Kullan\u0131c\u0131lar\u0131 ay\u0131rt etmek i\u00e7in kullan\u0131l\u0131r.<\/span><\/td>\n<\/tr>\n<tr>\n<td><b>_gat_gtag_UA_130432006_1 <\/b><span style=\"font-weight: 400;\">(expiration time: 1 minute)<\/span><\/td>\n<td><span style=\"font-weight: 400;\">Google, bu \u00e7erezi kullan\u0131c\u0131lar\u0131 ay\u0131rt etmek i\u00e7in kullan\u0131r.<\/span><\/td>\n<\/tr>\n<tr>\n<td><b>_gid <\/b><span style=\"font-weight: 400;\">(expiration time: 1 day)<\/span><\/td>\n<td><span style=\"font-weight: 400;\">Ziyaret\u00e7inin web sitesini nas\u0131l kulland\u0131\u011f\u0131 hakk\u0131nda istatistiksel veriler \u00fcretmek i\u00e7in kullan\u0131lacak tekil bir id kaydeder.\u00a0<\/span><\/td>\n<\/tr>\n<\/tbody>\n<\/table>\n<h1><\/h1>\n<p><b>\u00c7erezlerin Kullan\u0131m\u0131n\u0131 Nas\u0131l Kontrol Edebilirim?<\/b><\/p>\n<p><span style=\"font-weight: 400;\">Taray\u0131c\u0131n\u0131z\u0131n ayarlar\u0131n\u0131 de\u011fi\u015ftirerek \u00e7erezlere ili\u015fkin tercihlerinizi ki\u015fiselle\u015ftirme imk\u00e2n\u0131na sahipsiniz.<\/span><\/p>\n<table>\n<tbody>\n<tr>\n<td><span style=\"font-weight: 400;\">Adobe Analytics<\/span><\/td>\n<td><a href=\"http:\/\/www.adobe.com\/uk\/privacy\/opt-out.html\"><span style=\"font-weight: 400;\">https:\/\/www.adobe.com\/uk\/privacy\/opt-out.html<\/span><\/a><\/td>\n<\/tr>\n<tr>\n<td><span style=\"font-weight: 400;\">AOL<\/span><\/td>\n<td><a href=\"https:\/\/help.aol.com\/articles\/clear-cookies-on-a-web-browser\"><span style=\"font-weight: 400;\">https:\/\/help.aol.com\/articles\/clear-cookies-on-a-web-browser<\/span><\/a><\/td>\n<\/tr>\n<tr>\n<td><span style=\"font-weight: 400;\">Google Adwords<\/span><\/td>\n<td><a href=\"https:\/\/support.google.com\/ads\/answer\/2662922?hl=en\"><span style=\"font-weight: 400;\">https:\/\/support.google.com\/ads\/answer\/2662922?hl=en<\/span><\/a><\/td>\n<\/tr>\n<tr>\n<td><span style=\"font-weight: 400;\">Google Analytics<\/span><\/td>\n<td><a href=\"https:\/\/tools.google.com\/dlpage\/gaoptout\"><span style=\"font-weight: 400;\">https:\/\/tools.google.com\/dlpage\/gaoptout<\/span><\/a><\/td>\n<\/tr>\n<tr>\n<td><span style=\"font-weight: 400;\">Google Chrome<\/span><\/td>\n<td><a href=\"http:\/\/www.google.com\/support\/chrome\/bin\/answer.py?hl=en&amp;answer=95647\"><span style=\"font-weight: 400;\">https:\/\/www.google.com\/support\/chrome\/bin\/answer.py?hl=en&amp;answer=95647<\/span><\/a><\/td>\n<\/tr>\n<tr>\n<td><span style=\"font-weight: 400;\">Internet Explorer<\/span><\/td>\n<td><a href=\"https:\/\/support.microsoft.com\/en-us\/help\/17442\/windows-internet-explorer-delete-manage-cookies\"><span style=\"font-weight: 400;\">https:\/\/support.microsoft.com\/en-us\/help\/17442\/windows-internet-explorer-delete-manage-cookies<\/span><\/a><\/td>\n<\/tr>\n<tr>\n<td><span style=\"font-weight: 400;\">MozillaFirefox<\/span><\/td>\n<td><a href=\"http:\/\/support.mozilla.com\/en-US\/kb\/Cookies\"><span style=\"font-weight: 400;\">https:\/\/support.mozilla.com\/en-US\/kb\/Cookies<\/span><\/a><\/td>\n<\/tr>\n<tr>\n<td><span style=\"font-weight: 400;\">Opera<\/span><\/td>\n<td><a href=\"http:\/\/www.opera.com\/browser\/tutorials\/security\/privacy\/\"><span style=\"font-weight: 400;\">https:\/\/www.opera.com\/browser\/tutorials\/security\/privacy\/<\/span><\/a><\/td>\n<\/tr>\n<tr>\n<td><span style=\"font-weight: 400;\">Safari:<\/span><\/td>\n<td><a href=\"https:\/\/support.apple.com\/kb\/ph19214?locale=tr_TR\"><span style=\"font-weight: 400;\">https:\/\/support.apple.com\/kb\/ph19214?locale=tr_TR<\/span><\/a><\/td>\n<\/tr>\n<\/tbody>\n<\/table>\n<h1><\/h1>\n<p><b>Veri Sahibi Olarak Haklar\u0131n\u0131z Nelerdir?<\/b><\/p>\n<p><span style=\"font-weight: 400;\">KVK Kanunu\u2019nun 11. maddesi uyar\u0131nca veri sahipleri,<\/span><\/p>\n<ol>\n<li><span style=\"font-weight: 400;\">a) Ki\u015fisel veri i\u015flenip i\u015flenmedi\u011fini \u00f6\u011frenme,<\/span><\/li>\n<li><span style=\"font-weight: 400;\">b) Ki\u015fisel verileri i\u015flenmi\u015fse buna ili\u015fkin bilgi talep etme<\/span><\/li>\n<li><span style=\"font-weight: 400;\">c) Ki\u015fisel verilerin i\u015flenme amac\u0131n\u0131 ve bunlar\u0131n amac\u0131na uygun kullan\u0131l\u0131p kullan\u0131lmad\u0131\u011f\u0131n\u0131 \u00f6\u011frenme,<\/span><\/li>\n<\/ol>\n<p><span style=\"font-weight: 400;\">\u00e7) Yurt i\u00e7inde veya yurt d\u0131\u015f\u0131nda ki\u015fisel verilerin aktar\u0131ld\u0131\u011f\u0131 \u00fc\u00e7\u00fcnc\u00fc ki\u015fileri bilme,<\/span><\/p>\n<ol>\n<li><span style=\"font-weight: 400;\">d) Ki\u015fisel verilerin eksik veya yanl\u0131\u015f i\u015flenmi\u015f olmas\u0131 h\u00e2linde bunlar\u0131n d\u00fczeltilmesini isteme,<\/span><\/li>\n<li><span style=\"font-weight: 400;\">e) 7 nci maddede \u00f6ng\u00f6r\u00fclen \u015fartlar \u00e7er\u00e7evesinde ki\u015fisel verilerin silinmesini veya yok edilmesini isteme,<\/span><\/li>\n<li><span style=\"font-weight: 400;\">f) (d) ve (e) bentleri uyar\u0131nca yap\u0131lan i\u015flemlerin, ki\u015fisel verilerin aktar\u0131ld\u0131\u011f\u0131 \u00fc\u00e7\u00fcnc\u00fc ki\u015filere bildirilmesini isteme,<\/span><\/li>\n<li><span style=\"font-weight: 400;\">g) \u0130\u015flenen verilerin m\u00fcnhas\u0131ran otomatik sistemler vas\u0131tas\u0131yla analiz edilmesi suretiyle ki\u015finin kendisi aleyhine bir sonucun ortaya \u00e7\u0131kmas\u0131na itiraz etme,<\/span><\/li>\n<\/ol>\n<p><span style=\"font-weight: 400;\">\u011f) Ki\u015fisel verilerin kanuna ayk\u0131r\u0131 olarak i\u015flenmesi sebebiyle zarara u\u011framas\u0131 h\u00e2linde zarar\u0131n giderilmesini talep etme,<\/span><\/p>\n<p><span style=\"font-weight: 400;\">haklar\u0131na sahiptir.<\/span><\/p>\n<p><span style=\"font-weight: 400;\">S\u00f6z konusu haklar\u0131n\u0131za ili\u015fkin taleplerinizi, www.[\u25cf].com adresinde yer alan Stardust E\u011fitim Dan\u0131\u015fmanl\u0131k Sosyal Giri\u015fim A.\u015e. Veri Sahibi Ba\u015fvuru Formu\u2019nda belirtilen y\u00f6ntemlerle taraf\u0131m\u0131za iletmeniz halinde ba\u015fvurular\u0131n\u0131z en k\u0131sa s\u00fcrede ve en ge\u00e7 30 (otuz) g\u00fcn i\u00e7erisinde de\u011ferlendirilerek sonu\u00e7land\u0131r\u0131lacakt\u0131r. Taleplere ili\u015fkin olarak herhangi bir \u00fccret talep edilmemesi esas olmakla birlikte, \u015eirket\u2019in KVK Kurulu taraf\u0131ndan belirlenen \u00fccret tarifesi \u00fczerinden \u00fccret talep etme hakk\u0131 sakl\u0131d\u0131r.<\/span><\/p>\n<p><span style=\"font-weight: 400;\">Veri Sahibi, herhangi bir ki\u015fisel verisinin \u015eirket taraf\u0131ndan kullan\u0131lamamas\u0131 ile sonu\u00e7lanacak bir talepte bulunmas\u0131 halinde Site\u2019nin i\u015fleyi\u015finden tam olarak faydalanamayabilece\u011fini kabul ile bu kapsamda do\u011facak her t\u00fcrl\u00fc sorumlulu\u011fun kendisine ait olaca\u011f\u0131n\u0131 beyan eder.<\/span>[\/vc_column_text][\/vc_column][\/vc_row][\/vc_section]<\/p>\n<\/div>","protected":false},"excerpt":{"rendered":"<p>[vc_section][vc_row][vc_column][vc_column_text]Ayd\u0131nlatma Metni Hakk\u0131nda Stardust E\u011fitim Dan\u0131\u015fmanl\u0131k Sosyal Giri\u015fim A.\u015e. (bundan b\u00f6yle \u2018\u015eirket\u2019) olarak, \u00e7evrimi\u00e7i mecralar\u0131m\u0131z\u0131 ziyaretleriniz s\u0131ras\u0131nda sizlerin deneyiminizi geli\u015ftirmek i\u00e7in \u00e7erezler, pikseller, gifler gibi baz\u0131 teknolojilerden (\u201c\u00e7erezler\u201d) faydalanmaktay\u0131z. Bu teknolojilerin kullan\u0131m\u0131 ba\u015fta 6698 say\u0131l\u0131 Ki\u015fisel Verilerin Korunmas\u0131 Kanunu (\u201cKVKK Kanunu\u201d) olmak \u00fczere tabi oldu\u011fumuz mevzuata uygun \u015fekilde ger\u00e7ekle\u015ftirilmektedir. \u0130\u015fbu \u00c7erez Ayd\u0131nlatma Metni\u2019nin amac\u0131, taraf\u0131m\u0131zca [&hellip;]<\/p>\n","protected":false},"author":1,"featured_media":0,"parent":0,"menu_order":0,"comment_status":"closed","ping_status":"closed","template":"","meta":{"footnotes":""},"class_list":["post-2718","page","type-page","status-publish","hentry"],"_links":{"self":[{"href":"https:\/\/stardustsquad.org\/index.php\/wp-json\/wp\/v2\/pages\/2718","targetHints":{"allow":["GET"]}}],"collection":[{"href":"https:\/\/stardustsquad.org\/index.php\/wp-json\/wp\/v2\/pages"}],"about":[{"href":"https:\/\/stardustsquad.org\/index.php\/wp-json\/wp\/v2\/types\/page"}],"author":[{"embeddable":true,"href":"https:\/\/stardustsquad.org\/index.php\/wp-json\/wp\/v2\/users\/1"}],"replies":[{"embeddable":true,"href":"https:\/\/stardustsquad.org\/index.php\/wp-json\/wp\/v2\/comments?post=2718"}],"version-history":[{"count":0,"href":"https:\/\/stardustsquad.org\/index.php\/wp-json\/wp\/v2\/pages\/2718\/revisions"}],"wp:attachment":[{"href":"https:\/\/stardustsquad.org\/index.php\/wp-json\/wp\/v2\/media?parent=2718"}],"curies":[{"name":"wp","href":"https:\/\/api.w.org\/{rel}","templated":true}]}}