{"id":2417,"date":"2021-12-29T12:52:35","date_gmt":"2021-12-29T09:52:35","guid":{"rendered":"http:\/\/stardustsquad.org\/?page_id=2417"},"modified":"2024-03-04T15:15:56","modified_gmt":"2024-03-04T12:15:56","slug":"tum-projeler","status":"publish","type":"page","link":"https:\/\/stardustsquad.org\/index.php\/tum-projeler\/","title":{"rendered":"Neler Yap\u0131yoruz ?"},"content":{"rendered":"<div class=\"wpb-content-wrapper\"><p>[vc_row css=&#8221;.vc_custom_1640786352741{margin-top: 50px !important;}&#8221;][vc_column]<div class=\"wpb_content_element \"><style type=\"text\/css\">#ut_header_69f40ce972a0e h1.page-title { font-size:60px !important;letter-spacing:-0.03em; }<\/style><header id=\"ut_header_69f40ce972a0e\" class=\"page-header page-title-module  ut-no-title-linebreak-mobile ut-no-lead-linebreak-mobile pt-style-2 header-center header-tablet-center header-mobile-center\"><h1 data-title=\"Neler Yap\u0131yoruz ?\"  data-responsive-font=\"page_title\" data-responsive-font-settings=\"{&quot;base-font-size&quot;:&quot;global&quot;,&quot;font-size&quot;:{&quot;desktop_large&quot;:&quot;60&quot;},&quot;base-line-height&quot;:&quot;global&quot;,&quot;base-letter-spacing&quot;:&quot;global&quot;,&quot;letter-spacing&quot;:{&quot;desktop_large&quot;:&quot;-0.03&quot;}}\" class=\"page-title  \"><span>Neler Yap\u0131yoruz ?<\/span><\/h1><div data-delay=\"0\" class=\"lead \"><p>Geleceg\u0306in bilim insanlar\u0131 ve mu\u0308hendisleri ic\u0327in f\u0131rsatlar\u0131n o\u0308nu\u0308ndeki engelleri kald\u0131rarak, onlar\u0131n d\u00fcnya standartlar\u0131nda yeti\u015ftirecek kurumlardaki eg\u0306itim ve i\u015f f\u0131rsatlar\u0131na eri\u015fmesini sa\u011fl\u0131yor, bunu sag\u0306lamak ic\u0327in de sivil toplum, o\u0308zel sekto\u0308r ve kamu kurulus\u0327lar\u0131yla stratejik ortakl\u0131klar kuruyoruz.<\/p>\n<p>\u00c7al\u0131\u015fmalar\u0131m\u0131z\u0131 s\u00fcrd\u00fcr\u00fcrken 3 temel odak noktas\u0131 \u00fczerinden ilerliyoruz;<\/p>\n<\/div><\/header><\/div>[\/vc_column][\/vc_row][vc_section][vc_row][vc_column width=&#8221;1\/3&#8243;]<div class=\"wpb_content_element \"><style type=\"text\/css\">#ut_header_69f40ce97986d h2.section-title { font-size:60px !important;letter-spacing:-0.03em; }<\/style><header id=\"ut_header_69f40ce97986d\" class=\"section-header  ut-no-title-linebreak-mobile ut-no-lead-linebreak-mobile pt-style-2 header-center header-tablet-center header-mobile-center\"><h2 data-title=\"E\u011fitim\"  data-responsive-font=\"section_title\" data-responsive-font-settings=\"{&quot;base-font-size&quot;:&quot;global&quot;,&quot;font-size&quot;:{&quot;desktop_large&quot;:&quot;60&quot;},&quot;base-line-height&quot;:&quot;global&quot;,&quot;base-letter-spacing&quot;:&quot;global&quot;,&quot;letter-spacing&quot;:{&quot;desktop_large&quot;:&quot;-0.03&quot;}}\" class=\"section-title  \"><span>E\u011fitim<\/span><\/h2><\/header><\/div><div  class=\"wpb_content_element   clearfix\"><style type=\"text\/css\">#ut_am_69f40ce97ce01 { opacity: 1; }#ut_am_wrap_69f40ce97ce02 .ut-image-gallery-item-caption-title h3 { letter-spacing: -0.01em; }#ut_am_wrap_69f40ce97ce02 .ut-gallery-slider-caption { font-weight: bold; }#ut_am_wrap_69f40ce97ce02 { text-align: center; }@media (min-width: 768px) and (max-width: 1024px) { #ut_am_wrap_69f40ce97ce02 { text-align: center !important; } }@media (max-width: 767px) { #ut_am_wrap_69f40ce97ce02 { text-align: center !important; } }<\/style><div id=\"ut_am_wrap_69f40ce97ce02\" class=\"ut-image-gallery-image \"><div id=\"ut_reveal_69f40ce97ce04\"  data-appear-top-offset=\"auto\" class=\"ut-animated-image-item ut-image-gallery-item ut-animation-done \"><a class=\"ut-deactivated-link\" href=\"#\"><div class=\"ut-animated-image-zoom\"><img decoding=\"async\" class=\"ut-lazy skip-lazy ut-animated-image \"  id=\"ut_am_69f40ce97ce01\" src=\"data:image\/svg+xml;charset=utf-8,%3Csvg xmlns%3D'http%3A%2F%2Fwww.w3.org%2F2000%2Fsvg' viewBox%3D'0 0 170 150'%2F%3E\" data-src=\"https:\/\/stardustsquad.org\/wp-content\/uploads\/2024\/03\/Egitim-1-170x150.png\" width=\"170\" height=\"150\" alt=\"\"\/><\/div><\/a><\/div><\/div><\/div>[vc_column_text]<\/p>\n<hr \/>\n<h5><span class=\"OYPEnA text-decoration-none text-strikethrough-none\"><span style=\"vertical-align: inherit;\"><span style=\"vertical-align: inherit;\"><span style=\"vertical-align: inherit;\"><span style=\"vertical-align: inherit;\"><span style=\"vertical-align: inherit;\"><span style=\"vertical-align: inherit;\"><span style=\"vertical-align: inherit;\"><span style=\"vertical-align: inherit;\">\u00dcniversiteler, kamu ve \u00f6zel kurumlarla i\u015f birli\u011fi halinde, <\/span><\/span><\/span><\/span><\/span><\/span><\/span><\/span><\/span><span class=\"OYPEnA text-decoration-none text-strikethrough-none\"><span style=\"vertical-align: inherit;\"><span style=\"vertical-align: inherit;\"><span style=\"vertical-align: inherit;\"><span style=\"vertical-align: inherit;\"><span style=\"vertical-align: inherit;\"><span style=\"vertical-align: inherit;\"><span style=\"vertical-align: inherit;\"><span style=\"vertical-align: inherit;\">bilim ve teknolojinin<\/span><\/span><\/span><\/span><\/span><\/span><\/span><\/span><\/span><span class=\"OYPEnA text-decoration-none text-strikethrough-none\"><span style=\"vertical-align: inherit;\"><span style=\"vertical-align: inherit;\"><span style=\"vertical-align: inherit;\"><span style=\"vertical-align: inherit;\"><span style=\"vertical-align: inherit;\"><span style=\"vertical-align: inherit;\"><span style=\"vertical-align: inherit;\"><span style=\"vertical-align: inherit;\"> \u00e7e\u015fitli alt ba\u015fl\u0131klar\u0131n\u0131 i\u00e7eren<\/span><\/span><\/span><\/span><\/span><\/span><\/span><\/span><\/span><span class=\"OYPEnA text-decoration-none text-strikethrough-none\"><span style=\"vertical-align: inherit;\"><span style=\"vertical-align: inherit;\"><span style=\"vertical-align: inherit;\"><span style=\"vertical-align: inherit;\"><span style=\"vertical-align: inherit;\"><span style=\"vertical-align: inherit;\"><span style=\"vertical-align: inherit;\"><span style=\"vertical-align: inherit;\"> nitelikli e\u011fitimler<\/span><\/span><\/span><\/span><\/span><\/span><\/span><\/span><\/span><span class=\"OYPEnA text-decoration-none text-strikethrough-none\"><span style=\"vertical-align: inherit;\"><span style=\"vertical-align: inherit;\"><span style=\"vertical-align: inherit;\"><span style=\"vertical-align: inherit;\"><span style=\"vertical-align: inherit;\"><span style=\"vertical-align: inherit;\"><span style=\"vertical-align: inherit;\"><span style=\"vertical-align: inherit;\"> sunuyoruz.<\/span><\/span><\/span><\/span><\/span><\/span><\/span><\/span><\/span><\/h5>\n<p>[\/vc_column_text][\/vc_column][vc_column width=&#8221;1\/3&#8243;]<div class=\"wpb_content_element \"><style type=\"text\/css\">#ut_header_69f40ce97d85d h2.section-title { font-size:60px !important;letter-spacing:-0.03em; }<\/style><header id=\"ut_header_69f40ce97d85d\" class=\"section-header  ut-no-title-linebreak-mobile ut-no-lead-linebreak-mobile pt-style-2 header-center header-tablet-center header-mobile-center\"><h2 data-title=\"Ment\u00f6rl\u00fck&#13;&#10;\"  data-responsive-font=\"section_title\" data-responsive-font-settings=\"{&quot;base-font-size&quot;:&quot;global&quot;,&quot;font-size&quot;:{&quot;desktop_large&quot;:&quot;60&quot;},&quot;base-line-height&quot;:&quot;global&quot;,&quot;base-letter-spacing&quot;:&quot;global&quot;,&quot;letter-spacing&quot;:{&quot;desktop_large&quot;:&quot;-0.03&quot;}}\" class=\"section-title title-with-linebreak \"><span>Ment\u00f6rl\u00fck<br \/>\n<\/span><\/h2><\/header><\/div><div  class=\"wpb_content_element   clearfix\"><style type=\"text\/css\">#ut_am_69f40ce97eb89 { opacity: 1; }#ut_am_wrap_69f40ce97eb8a .ut-image-gallery-item-caption-title h3 { letter-spacing: -0.01em; }#ut_am_wrap_69f40ce97eb8a .ut-gallery-slider-caption { font-weight: bold; }#ut_am_wrap_69f40ce97eb8a { text-align: center; }@media (min-width: 768px) and (max-width: 1024px) { #ut_am_wrap_69f40ce97eb8a { text-align: center !important; } }@media (max-width: 767px) { #ut_am_wrap_69f40ce97eb8a { text-align: center !important; } }<\/style><div id=\"ut_am_wrap_69f40ce97eb8a\" class=\"ut-image-gallery-image \"><div id=\"ut_reveal_69f40ce97eb8b\"  data-appear-top-offset=\"auto\" class=\"ut-animated-image-item ut-image-gallery-item ut-animation-done \"><a class=\"ut-deactivated-link\" href=\"#\"><div class=\"ut-animated-image-zoom\"><img decoding=\"async\" class=\"ut-lazy skip-lazy ut-animated-image \"  id=\"ut_am_69f40ce97eb89\" src=\"data:image\/svg+xml;charset=utf-8,%3Csvg xmlns%3D'http%3A%2F%2Fwww.w3.org%2F2000%2Fsvg' viewBox%3D'0 0 150 150'%2F%3E\" data-src=\"https:\/\/stardustsquad.org\/wp-content\/uploads\/2024\/03\/Mentorluk-150x150.png\" width=\"150\" height=\"150\" alt=\"\"\/><\/div><\/a><\/div><\/div><\/div>[vc_column_text]<\/p>\n<hr \/>\n<h5><span class=\"OYPEnA text-decoration-none text-strikethrough-none\"><span style=\"vertical-align: inherit;\"><span style=\"vertical-align: inherit;\"><span style=\"vertical-align: inherit;\"><span style=\"vertical-align: inherit;\"><span style=\"vertical-align: inherit;\"><span style=\"vertical-align: inherit;\">Gelece\u011fe haz\u0131rlanmak i\u00e7in <\/span><\/span><\/span><\/span><\/span><\/span><\/span><span class=\"OYPEnA text-decoration-none text-strikethrough-none\"><span style=\"vertical-align: inherit;\"><span style=\"vertical-align: inherit;\"><span style=\"vertical-align: inherit;\"><span style=\"vertical-align: inherit;\"><span style=\"vertical-align: inherit;\"><span style=\"vertical-align: inherit;\">ulusal ve uluslararas\u0131 alanda<\/span><\/span><\/span><\/span><\/span><\/span><\/span><span class=\"OYPEnA text-decoration-none text-strikethrough-none\"><span style=\"vertical-align: inherit;\"><span style=\"vertical-align: inherit;\"><span style=\"vertical-align: inherit;\"><span style=\"vertical-align: inherit;\"><span style=\"vertical-align: inherit;\"><span style=\"vertical-align: inherit;\"> sekt\u00f6rel deneyime sahip <\/span><\/span><\/span><\/span><\/span><\/span><\/span><span class=\"OYPEnA text-decoration-none text-strikethrough-none\"><span style=\"vertical-align: inherit;\"><span style=\"vertical-align: inherit;\"><span style=\"vertical-align: inherit;\"><span style=\"vertical-align: inherit;\"><span style=\"vertical-align: inherit;\"><span style=\"vertical-align: inherit;\">bilim insanlar\u0131<\/span><\/span><\/span><\/span><\/span><\/span><\/span><span class=\"OYPEnA text-decoration-none text-strikethrough-none\"><span style=\"vertical-align: inherit;\"><span style=\"vertical-align: inherit;\"><span style=\"vertical-align: inherit;\"><span style=\"vertical-align: inherit;\"><span style=\"vertical-align: inherit;\"><span style=\"vertical-align: inherit;\"> ve <\/span><\/span><\/span><\/span><\/span><\/span><\/span><span class=\"OYPEnA text-decoration-none text-strikethrough-none\"><span style=\"vertical-align: inherit;\"><span style=\"vertical-align: inherit;\"><span style=\"vertical-align: inherit;\"><span style=\"vertical-align: inherit;\"><span style=\"vertical-align: inherit;\"><span style=\"vertical-align: inherit;\">m\u00fchendisler<\/span><\/span><\/span><\/span><\/span><\/span><\/span><span class=\"OYPEnA text-decoration-none text-strikethrough-none\"><span style=\"vertical-align: inherit;\"><span style=\"vertical-align: inherit;\"><span style=\"vertical-align: inherit;\"><span style=\"vertical-align: inherit;\"><span style=\"vertical-align: inherit;\"><span style=\"vertical-align: inherit;\"> taraf\u0131ndan <\/span><\/span><\/span><\/span><\/span><\/span><\/span><span class=\"OYPEnA text-decoration-none text-strikethrough-none\"><span style=\"vertical-align: inherit;\"><span style=\"vertical-align: inherit;\"><span style=\"vertical-align: inherit;\"><span style=\"vertical-align: inherit;\"><span style=\"vertical-align: inherit;\"><span style=\"vertical-align: inherit;\">ment\u00f6rl\u00fck deste\u011fi<\/span><\/span><\/span><\/span><\/span><\/span><\/span><span class=\"OYPEnA text-decoration-none text-strikethrough-none\"><span style=\"vertical-align: inherit;\"><span style=\"vertical-align: inherit;\"><span style=\"vertical-align: inherit;\"><span style=\"vertical-align: inherit;\"><span style=\"vertical-align: inherit;\"><span style=\"vertical-align: inherit;\"> sunuyoruz.<\/span><\/span><\/span><\/span><\/span><\/span><\/span><\/h5>\n<p>[\/vc_column_text][\/vc_column][vc_column width=&#8221;1\/3&#8243;]<div class=\"wpb_content_element \"><style type=\"text\/css\">#ut_header_69f40ce97f235 h2.section-title { font-size:60px !important;letter-spacing:-0.03em; }<\/style><header id=\"ut_header_69f40ce97f235\" class=\"section-header  ut-no-title-linebreak-mobile ut-no-lead-linebreak-mobile pt-style-2 header-center header-tablet-center header-mobile-center\"><h2 data-title=\"Deneyim&#13;&#10;\"  data-responsive-font=\"section_title\" data-responsive-font-settings=\"{&quot;base-font-size&quot;:&quot;global&quot;,&quot;font-size&quot;:{&quot;desktop_large&quot;:&quot;60&quot;},&quot;base-line-height&quot;:&quot;global&quot;,&quot;base-letter-spacing&quot;:&quot;global&quot;,&quot;letter-spacing&quot;:{&quot;desktop_large&quot;:&quot;-0.03&quot;}}\" class=\"section-title title-with-linebreak \"><span>Deneyim<br \/>\n<\/span><\/h2><\/header><\/div><div  class=\"wpb_content_element   clearfix\"><style type=\"text\/css\">#ut_am_69f40ce98084e { opacity: 1; }#ut_am_wrap_69f40ce98084f .ut-image-gallery-item-caption-title h3 { letter-spacing: -0.01em; }#ut_am_wrap_69f40ce98084f .ut-gallery-slider-caption { font-weight: bold; }#ut_am_wrap_69f40ce98084f { text-align: center; }@media (min-width: 768px) and (max-width: 1024px) { #ut_am_wrap_69f40ce98084f { text-align: center !important; } }@media (max-width: 767px) { #ut_am_wrap_69f40ce98084f { text-align: center !important; } }<\/style><div id=\"ut_am_wrap_69f40ce98084f\" class=\"ut-image-gallery-image \"><div id=\"ut_reveal_69f40ce980850\"  data-appear-top-offset=\"auto\" class=\"ut-animated-image-item ut-image-gallery-item ut-animation-done \"><a class=\"ut-deactivated-link\" href=\"#\"><div class=\"ut-animated-image-zoom\"><img decoding=\"async\" class=\"ut-lazy skip-lazy ut-animated-image \"  id=\"ut_am_69f40ce98084e\" src=\"data:image\/svg+xml;charset=utf-8,%3Csvg xmlns%3D'http%3A%2F%2Fwww.w3.org%2F2000%2Fsvg' viewBox%3D'0 0 200 150'%2F%3E\" data-src=\"https:\/\/stardustsquad.org\/wp-content\/uploads\/2024\/03\/Is-200x150.png\" width=\"200\" height=\"150\" alt=\"\"\/><\/div><\/a><\/div><\/div><\/div>[vc_column_text]<\/p>\n<hr \/>\n<h5 style=\"text-align: left;\"><span class=\"OYPEnA text-decoration-none text-strikethrough-none\"><span style=\"vertical-align: inherit;\"><span style=\"vertical-align: inherit;\"><span style=\"vertical-align: inherit;\"><span style=\"vertical-align: inherit;\">E\u011fitim<\/span><\/span><\/span><\/span><\/span><span class=\"OYPEnA text-decoration-none text-strikethrough-none\"><span style=\"vertical-align: inherit;\"><span style=\"vertical-align: inherit;\"><span style=\"vertical-align: inherit;\"><span style=\"vertical-align: inherit;\"> ve <\/span><\/span><\/span><\/span><\/span><span class=\"OYPEnA text-decoration-none text-strikethrough-none\"><span style=\"vertical-align: inherit;\"><span style=\"vertical-align: inherit;\"><span style=\"vertical-align: inherit;\"><span style=\"vertical-align: inherit;\">mentorluk<\/span><\/span><\/span><\/span><\/span><span class=\"OYPEnA text-decoration-none text-strikethrough-none\"><span style=\"vertical-align: inherit;\"><span style=\"vertical-align: inherit;\"><span style=\"vertical-align: inherit;\"><span style=\"vertical-align: inherit;\"> programlar\u0131n\u0131 tamamlayan \u00f6\u011frencilerin<\/span><\/span><\/span><\/span><\/span><span class=\"OYPEnA text-decoration-none text-strikethrough-none\"><span style=\"vertical-align: inherit;\"><span style=\"vertical-align: inherit;\"><span style=\"vertical-align: inherit;\"><span style=\"vertical-align: inherit;\"> staj ve istihdama<\/span><\/span><\/span><\/span><\/span><span class=\"OYPEnA text-decoration-none text-strikethrough-none\"><span style=\"vertical-align: inherit;\"><span style=\"vertical-align: inherit;\"><span style=\"vertical-align: inherit;\"><span style=\"vertical-align: inherit;\"> kat\u0131l\u0131mlar\u0131n\u0131 destekliyoruz.<\/span><\/span><\/span><\/span><\/span><\/h5>\n<p>[\/vc_column_text][\/vc_column][\/vc_row][\/vc_section]<\/p>\n<\/div>","protected":false},"excerpt":{"rendered":"<p>[vc_row css=&#8221;.vc_custom_1640786352741{margin-top: 50px !important;}&#8221;][vc_column][\/vc_column][\/vc_row][vc_section][vc_row][vc_column width=&#8221;1\/3&#8243;][vc_column_text] \u00dcniversiteler, kamu ve \u00f6zel kurumlarla i\u015f birli\u011fi halinde, bilim ve teknolojinin \u00e7e\u015fitli alt ba\u015fl\u0131klar\u0131n\u0131 i\u00e7eren nitelikli e\u011fitimler sunuyoruz. [\/vc_column_text][\/vc_column][vc_column width=&#8221;1\/3&#8243;][vc_column_text] Gelece\u011fe haz\u0131rlanmak i\u00e7in ulusal ve uluslararas\u0131 alanda sekt\u00f6rel deneyime sahip bilim insanlar\u0131 ve m\u00fchendisler taraf\u0131ndan ment\u00f6rl\u00fck deste\u011fi sunuyoruz. [\/vc_column_text][\/vc_column][vc_column width=&#8221;1\/3&#8243;][vc_column_text] E\u011fitim ve mentorluk programlar\u0131n\u0131 tamamlayan \u00f6\u011frencilerin staj ve istihdama kat\u0131l\u0131mlar\u0131n\u0131 [&hellip;]<\/p>\n","protected":false},"author":1,"featured_media":0,"parent":0,"menu_order":0,"comment_status":"closed","ping_status":"closed","template":"","meta":{"footnotes":""},"class_list":["post-2417","page","type-page","status-publish","hentry"],"_links":{"self":[{"href":"https:\/\/stardustsquad.org\/index.php\/wp-json\/wp\/v2\/pages\/2417","targetHints":{"allow":["GET"]}}],"collection":[{"href":"https:\/\/stardustsquad.org\/index.php\/wp-json\/wp\/v2\/pages"}],"about":[{"href":"https:\/\/stardustsquad.org\/index.php\/wp-json\/wp\/v2\/types\/page"}],"author":[{"embeddable":true,"href":"https:\/\/stardustsquad.org\/index.php\/wp-json\/wp\/v2\/users\/1"}],"replies":[{"embeddable":true,"href":"https:\/\/stardustsquad.org\/index.php\/wp-json\/wp\/v2\/comments?post=2417"}],"version-history":[{"count":4,"href":"https:\/\/stardustsquad.org\/index.php\/wp-json\/wp\/v2\/pages\/2417\/revisions"}],"predecessor-version":[{"id":3165,"href":"https:\/\/stardustsquad.org\/index.php\/wp-json\/wp\/v2\/pages\/2417\/revisions\/3165"}],"wp:attachment":[{"href":"https:\/\/stardustsquad.org\/index.php\/wp-json\/wp\/v2\/media?parent=2417"}],"curies":[{"name":"wp","href":"https:\/\/api.w.org\/{rel}","templated":true}]}}